{"id":272,"date":"2023-05-29T13:54:12","date_gmt":"2023-05-29T13:54:12","guid":{"rendered":"https:\/\/propietarios.rentarbaires.com\/?page_id=272"},"modified":"2023-09-07T20:57:32","modified_gmt":"2023-09-07T20:57:32","slug":"asesoramiento","status":"publish","type":"page","link":"https:\/\/propietarios.rentarbaires.com\/en\/servicios\/asesoramiento\/","title":{"rendered":"Advice"},"content":{"rendered":"<div data-elementor-type=\"wp-page\" data-elementor-id=\"272\" class=\"elementor elementor-272\" data-elementor-post-type=\"page\">\n\t\t\t\t\t\t<section class=\"elementor-section elementor-top-section elementor-element elementor-element-488b516 elementor-section-height-min-height elementor-section-boxed elementor-section-height-default elementor-section-items-middle\" data-id=\"488b516\" data-element_type=\"section\" data-settings=\"{&quot;background_background&quot;:&quot;classic&quot;}\">\n\t\t\t\t\t\t\t<div class=\"elementor-background-overlay\"><\/div>\n\t\t\t\t\t\t\t<div class=\"elementor-container elementor-column-gap-default\">\n\t\t\t\t\t<div class=\"elementor-column elementor-col-100 elementor-top-column elementor-element elementor-element-3131ad3\" data-id=\"3131ad3\" data-element_type=\"column\">\n\t\t\t<div class=\"elementor-widget-wrap elementor-element-populated\">\n\t\t\t\t\t\t<div class=\"elementor-element elementor-element-838909f elementor-invisible elementor-widget elementor-widget-heading\" data-id=\"838909f\" data-element_type=\"widget\" data-settings=\"{&quot;_animation&quot;:&quot;zoomIn&quot;,&quot;_animation_mobile&quot;:&quot;none&quot;}\" data-widget_type=\"heading.default\">\n\t\t\t\t<div class=\"elementor-widget-container\">\n\t\t\t\t\t<h2 class=\"elementor-heading-title elementor-size-default\">The key to the success of any business is a good start<\/h2>\t\t\t\t<\/div>\n\t\t\t\t<\/div>\n\t\t\t\t<div class=\"elementor-element elementor-element-cb1f58f elementor-invisible elementor-widget elementor-widget-heading\" data-id=\"cb1f58f\" data-element_type=\"widget\" data-settings=\"{&quot;_animation&quot;:&quot;zoomIn&quot;,&quot;_animation_mobile&quot;:&quot;none&quot;,&quot;_animation_delay&quot;:400}\" data-widget_type=\"heading.default\">\n\t\t\t\t<div class=\"elementor-widget-container\">\n\t\t\t\t\t<h2 class=\"elementor-heading-title elementor-size-default\">And even more so when it comes to temporary rentals, since it will be the first guests who will boost the business with their favorable comments.<\/h2>\t\t\t\t<\/div>\n\t\t\t\t<\/div>\n\t\t\t\t\t<\/div>\n\t\t<\/div>\n\t\t\t\t\t<\/div>\n\t\t<\/section>\n\t\t\t\t<section class=\"elementor-section elementor-top-section elementor-element elementor-element-acb2070 elementor-section-height-min-height elementor-section-boxed elementor-section-height-default elementor-section-items-middle\" data-id=\"acb2070\" data-element_type=\"section\">\n\t\t\t\t\t\t<div class=\"elementor-container elementor-column-gap-default\">\n\t\t\t\t\t<div class=\"elementor-column elementor-col-100 elementor-top-column elementor-element elementor-element-5f4ae5e\" data-id=\"5f4ae5e\" data-element_type=\"column\">\n\t\t\t<div class=\"elementor-widget-wrap elementor-element-populated\">\n\t\t\t\t\t\t<div class=\"elementor-element elementor-element-44f9e90 elementor-widget elementor-widget-heading\" data-id=\"44f9e90\" data-element_type=\"widget\" data-widget_type=\"heading.default\">\n\t\t\t\t<div class=\"elementor-widget-container\">\n\t\t\t\t\t<h2 class=\"elementor-heading-title elementor-size-default\">We are committed to helping you achieve your goals.<br> Contact us today to learn more about our services!<\/h2>\t\t\t\t<\/div>\n\t\t\t\t<\/div>\n\t\t\t\t<div class=\"elementor-element elementor-element-568675b elementor-widget-divider--view-line elementor-widget elementor-widget-divider\" data-id=\"568675b\" data-element_type=\"widget\" data-widget_type=\"divider.default\">\n\t\t\t\t<div class=\"elementor-widget-container\">\n\t\t\t\t\t\t\t<div class=\"elementor-divider\">\n\t\t\t<span class=\"elementor-divider-separator\">\n\t\t\t\t\t\t<\/span>\n\t\t<\/div>\n\t\t\t\t\t\t<\/div>\n\t\t\t\t<\/div>\n\t\t\t\t<section class=\"elementor-section elementor-inner-section elementor-element elementor-element-f2539c7 elementor-section-boxed elementor-section-height-default elementor-section-height-default\" data-id=\"f2539c7\" data-element_type=\"section\">\n\t\t\t\t\t\t<div class=\"elementor-container elementor-column-gap-default\">\n\t\t\t\t\t<div class=\"elementor-column elementor-col-50 elementor-inner-column elementor-element elementor-element-2204076\" data-id=\"2204076\" data-element_type=\"column\">\n\t\t\t<div class=\"elementor-widget-wrap elementor-element-populated\">\n\t\t\t\t\t\t<div class=\"elementor-element elementor-element-1f34192 elementor-widget elementor-widget-text-editor\" data-id=\"1f34192\" data-element_type=\"widget\" data-widget_type=\"text-editor.default\">\n\t\t\t\t<div class=\"elementor-widget-container\">\n\t\t\t\t\t\t\t\t\t<ul><li><span style=\"vertical-align: inherit; color: #000000;\"><span style=\"vertical-align: inherit;\"><span style=\"vertical-align: inherit;\">We help you start your temporary rental business, advising you on how to equip and decorate your property with an original and functional touch.<\/span><\/span><\/span><p>\u00a0<\/p><\/li><li><span style=\"vertical-align: inherit; color: #000000;\"><span style=\"vertical-align: inherit;\">We advise you on the best areas of the city where the business has the greatest chance of developing.<\/span><\/span><\/li><\/ul>\t\t\t\t\t\t\t\t<\/div>\n\t\t\t\t<\/div>\n\t\t\t\t\t<\/div>\n\t\t<\/div>\n\t\t\t\t<div class=\"elementor-column elementor-col-50 elementor-inner-column elementor-element elementor-element-637906b\" data-id=\"637906b\" data-element_type=\"column\">\n\t\t\t<div class=\"elementor-widget-wrap elementor-element-populated\">\n\t\t\t\t\t\t<div class=\"elementor-element elementor-element-900f850 elementor-widget elementor-widget-text-editor\" data-id=\"900f850\" data-element_type=\"widget\" data-widget_type=\"text-editor.default\">\n\t\t\t\t<div class=\"elementor-widget-container\">\n\t\t\t\t\t\t\t\t\t<ul><li><span style=\"vertical-align: inherit; color: #000000;\"><span style=\"vertical-align: inherit;\"><span style=\"vertical-align: inherit;\">We inform you about the legal issues to consider and investigate the competition.<\/span><\/span><\/span><p>\u00a0<\/p><\/li><li><span style=\"color: #000000;\">When everything is ready, we take the photos and publish the property on the web.<\/span><\/li><\/ul>\t\t\t\t\t\t\t\t<\/div>\n\t\t\t\t<\/div>\n\t\t\t\t\t<\/div>\n\t\t<\/div>\n\t\t\t\t\t<\/div>\n\t\t<\/section>\n\t\t\t\t\t<\/div>\n\t\t<\/div>\n\t\t\t\t\t<\/div>\n\t\t<\/section>\n\t\t\t\t<section class=\"elementor-section elementor-top-section elementor-element elementor-element-c07102d elementor-section-boxed elementor-section-height-default elementor-section-height-default\" data-id=\"c07102d\" data-element_type=\"section\" data-settings=\"{&quot;background_background&quot;:&quot;classic&quot;}\">\n\t\t\t\t\t\t\t<div class=\"elementor-background-overlay\"><\/div>\n\t\t\t\t\t\t\t<div class=\"elementor-container elementor-column-gap-default\">\n\t\t\t\t\t<div class=\"elementor-column elementor-col-50 elementor-top-column elementor-element elementor-element-14daa41\" data-id=\"14daa41\" data-element_type=\"column\">\n\t\t\t<div class=\"elementor-widget-wrap elementor-element-populated\">\n\t\t\t\t\t\t<div class=\"elementor-element elementor-element-c3a0556 elementor-widget__width-initial elementor-widget elementor-widget-heading\" data-id=\"c3a0556\" data-element_type=\"widget\" data-widget_type=\"heading.default\">\n\t\t\t\t<div class=\"elementor-widget-container\">\n\t\t\t\t\t<h2 class=\"elementor-heading-title elementor-size-default\">Do you have any questions? Do you want to know more about us?<\/h2>\t\t\t\t<\/div>\n\t\t\t\t<\/div>\n\t\t\t\t\t<\/div>\n\t\t<\/div>\n\t\t\t\t<div class=\"elementor-column elementor-col-50 elementor-top-column elementor-element elementor-element-a96d29b\" data-id=\"a96d29b\" data-element_type=\"column\">\n\t\t\t<div class=\"elementor-widget-wrap elementor-element-populated\">\n\t\t\t\t\t\t<div class=\"elementor-element elementor-element-93df220 elementor-align-center elementor-mobile-align-left elementor-widget elementor-widget-button\" data-id=\"93df220\" data-element_type=\"widget\" data-widget_type=\"button.default\">\n\t\t\t\t<div class=\"elementor-widget-container\">\n\t\t\t\t\t\t\t\t\t<div class=\"elementor-button-wrapper\">\n\t\t\t\t\t<a class=\"elementor-button elementor-button-link elementor-size-sm\" href=\"http:\/\/wa.link\/szpepb\">\n\t\t\t\t\t\t<span class=\"elementor-button-content-wrapper\">\n\t\t\t\t\t\t<span class=\"elementor-button-icon\">\n\t\t\t\t<i aria-hidden=\"true\" class=\"fab fa-whatsapp\"><\/i>\t\t\t<\/span>\n\t\t\t\t\t\t\t\t\t<span class=\"elementor-button-text\">Contact us<\/span>\n\t\t\t\t\t<\/span>\n\t\t\t\t\t<\/a>\n\t\t\t\t<\/div>\n\t\t\t\t\t\t\t\t<\/div>\n\t\t\t\t<\/div>\n\t\t\t\t\t<\/div>\n\t\t<\/div>\n\t\t\t\t\t<\/div>\n\t\t<\/section>\n\t\t\t\t<\/div>","protected":false},"excerpt":{"rendered":"<p>La clave del \u00e9xito de cualquier negocio, es un buen comienzo Y m\u00e1s en lo que respecta al alquiler temporario, ya que van a ser los primeros hu\u00e9spedes los que con sus comentarios favorables impulsen el negocio Estamos comprometidos en ayudarte a lograr tus objetivos. \u00a1Cont\u00e1ctanos hoy para conocer m\u00e1s acerca de nuestros servicios! Te &hellip;<\/p>\n<p class=\"read-more\"> <a class=\"\" href=\"https:\/\/propietarios.rentarbaires.com\/en\/servicios\/asesoramiento\/\"> <span class=\"screen-reader-text\">Advice<\/span> Read More &raquo;<\/a><\/p>","protected":false},"author":2,"featured_media":0,"parent":10,"menu_order":0,"comment_status":"closed","ping_status":"closed","template":"","meta":{"site-sidebar-layout":"no-sidebar","site-content-layout":"page-builder","ast-global-header-display":"","ast-banner-title-visibility":"","ast-main-header-display":"","ast-hfb-above-header-display":"","ast-hfb-below-header-display":"","ast-hfb-mobile-header-display":"","site-post-title":"disabled","ast-breadcrumbs-content":"","ast-featured-img":"disabled","footer-sml-layout":"","theme-transparent-header-meta":"","adv-header-id-meta":"","stick-header-meta":"","header-above-stick-meta":"","header-main-stick-meta":"","header-below-stick-meta":"","_joinchat":[],"footnotes":""},"class_list":["post-272","page","type-page","status-publish","hentry"],"yoast_head":"<!-- This site is optimized with the Yoast SEO Premium plugin v21.0 (Yoast SEO v21.0) - https:\/\/yoast.com\/wordpress\/plugins\/seo\/ -->\n<title>Asesoramiento - RentAr Baires<\/title>\n<meta name=\"robots\" content=\"index, follow, max-snippet:-1, max-image-preview:large, max-video-preview:-1\" \/>\n<link rel=\"canonical\" href=\"https:\/\/propietarios.rentarbaires.com\/en\/servicios\/asesoramiento\/\" \/>\n<meta property=\"og:locale\" content=\"en_US\" \/>\n<meta property=\"og:type\" content=\"article\" \/>\n<meta property=\"og:title\" content=\"Asesoramiento - RentAr Baires\" \/>\n<meta property=\"og:description\" content=\"La clave del \u00e9xito de cualquier negocio, es un buen comienzo Y m\u00e1s en lo que respecta al alquiler temporario, ya que van a ser los primeros hu\u00e9spedes los que con sus comentarios favorables impulsen el negocio Estamos comprometidos en ayudarte a lograr tus objetivos. \u00a1Cont\u00e1ctanos hoy para conocer m\u00e1s acerca de nuestros servicios! Te &hellip; Asesoramiento Read More &raquo;\" \/>\n<meta property=\"og:url\" content=\"https:\/\/propietarios.rentarbaires.com\/en\/servicios\/asesoramiento\/\" \/>\n<meta property=\"og:site_name\" content=\"RentAr Baires\" \/>\n<meta property=\"article:modified_time\" content=\"2023-09-07T20:57:32+00:00\" \/>\n<meta property=\"og:image\" content=\"https:\/\/propietarios.rentarbaires.com\/wp-content\/uploads\/2023\/05\/Logos__31_-removebg-preview-e1694102229764.png\" \/>\n\t<meta property=\"og:image:width\" content=\"375\" \/>\n\t<meta property=\"og:image:height\" content=\"261\" \/>\n\t<meta property=\"og:image:type\" content=\"image\/png\" \/>\n<meta name=\"twitter:card\" content=\"summary_large_image\" \/>\n<meta name=\"twitter:label1\" content=\"Est. reading time\" \/>\n\t<meta name=\"twitter:data1\" content=\"1 minute\" \/>\n<script type=\"application\/ld+json\" class=\"yoast-schema-graph\">{\"@context\":\"https:\/\/schema.org\",\"@graph\":[{\"@type\":\"WebPage\",\"@id\":\"https:\/\/propietarios.rentarbaires.com\/servicios\/asesoramiento\/\",\"url\":\"https:\/\/propietarios.rentarbaires.com\/servicios\/asesoramiento\/\",\"name\":\"Asesoramiento - RentAr Baires\",\"isPartOf\":{\"@id\":\"https:\/\/propietarios.rentarbaires.com\/#website\"},\"datePublished\":\"2023-05-29T13:54:12+00:00\",\"dateModified\":\"2023-09-07T20:57:32+00:00\",\"breadcrumb\":{\"@id\":\"https:\/\/propietarios.rentarbaires.com\/servicios\/asesoramiento\/#breadcrumb\"},\"inLanguage\":\"en-US\",\"potentialAction\":[{\"@type\":\"ReadAction\",\"target\":[\"https:\/\/propietarios.rentarbaires.com\/servicios\/asesoramiento\/\"]}]},{\"@type\":\"BreadcrumbList\",\"@id\":\"https:\/\/propietarios.rentarbaires.com\/servicios\/asesoramiento\/#breadcrumb\",\"itemListElement\":[{\"@type\":\"ListItem\",\"position\":1,\"name\":\"Home\",\"item\":\"https:\/\/propietarios.rentarbaires.com\/\"},{\"@type\":\"ListItem\",\"position\":2,\"name\":\"Servicios\",\"item\":\"https:\/\/propietarios.rentarbaires.com\/servicios\/\"},{\"@type\":\"ListItem\",\"position\":3,\"name\":\"Asesoramiento\"}]},{\"@type\":\"WebSite\",\"@id\":\"https:\/\/propietarios.rentarbaires.com\/#website\",\"url\":\"https:\/\/propietarios.rentarbaires.com\/\",\"name\":\"RentAR Baires\",\"description\":\"\",\"publisher\":{\"@id\":\"https:\/\/propietarios.rentarbaires.com\/#organization\"},\"alternateName\":\"RentAR Baires\",\"potentialAction\":[{\"@type\":\"SearchAction\",\"target\":{\"@type\":\"EntryPoint\",\"urlTemplate\":\"https:\/\/propietarios.rentarbaires.com\/?s={search_term_string}\"},\"query-input\":\"required name=search_term_string\"}],\"inLanguage\":\"en-US\"},{\"@type\":\"Organization\",\"@id\":\"https:\/\/propietarios.rentarbaires.com\/#organization\",\"name\":\"RentAR Baires\",\"alternateName\":\"RentAR Baires\",\"url\":\"https:\/\/propietarios.rentarbaires.com\/\",\"logo\":{\"@type\":\"ImageObject\",\"inLanguage\":\"en-US\",\"@id\":\"https:\/\/propietarios.rentarbaires.com\/#\/schema\/logo\/image\/\",\"url\":\"https:\/\/rentarbaires.com\/wp-content\/uploads\/2023\/05\/Logos-57.jpg\",\"contentUrl\":\"https:\/\/rentarbaires.com\/wp-content\/uploads\/2023\/05\/Logos-57.jpg\",\"width\":1080,\"height\":1080,\"caption\":\"RentAR Baires\"},\"image\":{\"@id\":\"https:\/\/propietarios.rentarbaires.com\/#\/schema\/logo\/image\/\"}}]}<\/script>\n<!-- \/ Yoast SEO Premium plugin. -->","yoast_head_json":{"title":"Asesoramiento - RentAr Baires","robots":{"index":"index","follow":"follow","max-snippet":"max-snippet:-1","max-image-preview":"max-image-preview:large","max-video-preview":"max-video-preview:-1"},"canonical":"https:\/\/propietarios.rentarbaires.com\/en\/servicios\/asesoramiento\/","og_locale":"en_US","og_type":"article","og_title":"Asesoramiento - RentAr Baires","og_description":"La clave del \u00e9xito de cualquier negocio, es un buen comienzo Y m\u00e1s en lo que respecta al alquiler temporario, ya que van a ser los primeros hu\u00e9spedes los que con sus comentarios favorables impulsen el negocio Estamos comprometidos en ayudarte a lograr tus objetivos. \u00a1Cont\u00e1ctanos hoy para conocer m\u00e1s acerca de nuestros servicios! Te &hellip; Asesoramiento Read More &raquo;","og_url":"https:\/\/propietarios.rentarbaires.com\/en\/servicios\/asesoramiento\/","og_site_name":"RentAr Baires","article_modified_time":"2023-09-07T20:57:32+00:00","og_image":[{"width":375,"height":261,"url":"https:\/\/propietarios.rentarbaires.com\/wp-content\/uploads\/2023\/05\/Logos__31_-removebg-preview-e1694102229764.png","type":"image\/png"}],"twitter_card":"summary_large_image","twitter_misc":{"Est. reading time":"1 minute"},"schema":{"@context":"https:\/\/schema.org","@graph":[{"@type":"WebPage","@id":"https:\/\/propietarios.rentarbaires.com\/servicios\/asesoramiento\/","url":"https:\/\/propietarios.rentarbaires.com\/servicios\/asesoramiento\/","name":"Asesoramiento - RentAr Baires","isPartOf":{"@id":"https:\/\/propietarios.rentarbaires.com\/#website"},"datePublished":"2023-05-29T13:54:12+00:00","dateModified":"2023-09-07T20:57:32+00:00","breadcrumb":{"@id":"https:\/\/propietarios.rentarbaires.com\/servicios\/asesoramiento\/#breadcrumb"},"inLanguage":"en-US","potentialAction":[{"@type":"ReadAction","target":["https:\/\/propietarios.rentarbaires.com\/servicios\/asesoramiento\/"]}]},{"@type":"BreadcrumbList","@id":"https:\/\/propietarios.rentarbaires.com\/servicios\/asesoramiento\/#breadcrumb","itemListElement":[{"@type":"ListItem","position":1,"name":"Home","item":"https:\/\/propietarios.rentarbaires.com\/"},{"@type":"ListItem","position":2,"name":"Servicios","item":"https:\/\/propietarios.rentarbaires.com\/servicios\/"},{"@type":"ListItem","position":3,"name":"Asesoramiento"}]},{"@type":"WebSite","@id":"https:\/\/propietarios.rentarbaires.com\/#website","url":"https:\/\/propietarios.rentarbaires.com\/","name":"RentAR Baires","description":"","publisher":{"@id":"https:\/\/propietarios.rentarbaires.com\/#organization"},"alternateName":"RentAR Baires","potentialAction":[{"@type":"SearchAction","target":{"@type":"EntryPoint","urlTemplate":"https:\/\/propietarios.rentarbaires.com\/?s={search_term_string}"},"query-input":"required name=search_term_string"}],"inLanguage":"en-US"},{"@type":"Organization","@id":"https:\/\/propietarios.rentarbaires.com\/#organization","name":"RentAR Baires","alternateName":"RentAR Baires","url":"https:\/\/propietarios.rentarbaires.com\/","logo":{"@type":"ImageObject","inLanguage":"en-US","@id":"https:\/\/propietarios.rentarbaires.com\/#\/schema\/logo\/image\/","url":"https:\/\/rentarbaires.com\/wp-content\/uploads\/2023\/05\/Logos-57.jpg","contentUrl":"https:\/\/rentarbaires.com\/wp-content\/uploads\/2023\/05\/Logos-57.jpg","width":1080,"height":1080,"caption":"RentAR Baires"},"image":{"@id":"https:\/\/propietarios.rentarbaires.com\/#\/schema\/logo\/image\/"}}]}},"_links":{"self":[{"href":"https:\/\/propietarios.rentarbaires.com\/en\/wp-json\/wp\/v2\/pages\/272","targetHints":{"allow":["GET"]}}],"collection":[{"href":"https:\/\/propietarios.rentarbaires.com\/en\/wp-json\/wp\/v2\/pages"}],"about":[{"href":"https:\/\/propietarios.rentarbaires.com\/en\/wp-json\/wp\/v2\/types\/page"}],"author":[{"embeddable":true,"href":"https:\/\/propietarios.rentarbaires.com\/en\/wp-json\/wp\/v2\/users\/2"}],"replies":[{"embeddable":true,"href":"https:\/\/propietarios.rentarbaires.com\/en\/wp-json\/wp\/v2\/comments?post=272"}],"version-history":[{"count":209,"href":"https:\/\/propietarios.rentarbaires.com\/en\/wp-json\/wp\/v2\/pages\/272\/revisions"}],"predecessor-version":[{"id":4745,"href":"https:\/\/propietarios.rentarbaires.com\/en\/wp-json\/wp\/v2\/pages\/272\/revisions\/4745"}],"up":[{"embeddable":true,"href":"https:\/\/propietarios.rentarbaires.com\/en\/wp-json\/wp\/v2\/pages\/10"}],"wp:attachment":[{"href":"https:\/\/propietarios.rentarbaires.com\/en\/wp-json\/wp\/v2\/media?parent=272"}],"curies":[{"name":"wp","href":"https:\/\/api.w.org\/{rel}","templated":true}]}}