{"id":376,"date":"2023-05-29T16:39:17","date_gmt":"2023-05-29T16:39:17","guid":{"rendered":"https:\/\/propietarios.rentarbaires.com\/?page_id=376"},"modified":"2024-06-24T13:20:55","modified_gmt":"2024-06-24T13:20:55","slug":"soluciones","status":"publish","type":"page","link":"https:\/\/propietarios.rentarbaires.com\/en\/servicios\/soluciones\/","title":{"rendered":"Solutions"},"content":{"rendered":"<div data-elementor-type=\"wp-page\" data-elementor-id=\"376\" class=\"elementor elementor-376\" data-elementor-post-type=\"page\">\n\t\t\t\t\t\t<section class=\"elementor-section elementor-top-section elementor-element elementor-element-488b516 elementor-section-height-min-height elementor-section-boxed elementor-section-height-default elementor-section-items-middle\" data-id=\"488b516\" data-element_type=\"section\" data-settings=\"{&quot;background_background&quot;:&quot;classic&quot;}\">\n\t\t\t\t\t\t\t<div class=\"elementor-background-overlay\"><\/div>\n\t\t\t\t\t\t\t<div class=\"elementor-container elementor-column-gap-default\">\n\t\t\t\t\t<div class=\"elementor-column elementor-col-100 elementor-top-column elementor-element elementor-element-3131ad3\" data-id=\"3131ad3\" data-element_type=\"column\">\n\t\t\t<div class=\"elementor-widget-wrap elementor-element-populated\">\n\t\t\t\t\t\t<div class=\"elementor-element elementor-element-838909f elementor-invisible elementor-widget elementor-widget-heading\" data-id=\"838909f\" data-element_type=\"widget\" data-settings=\"{&quot;_animation&quot;:&quot;zoomIn&quot;,&quot;_animation_mobile&quot;:&quot;none&quot;}\" data-widget_type=\"heading.default\">\n\t\t\t\t<div class=\"elementor-widget-container\">\n\t\t\t\t\t<h2 class=\"elementor-heading-title elementor-size-default\">RentAR Baires management tools<\/h2>\t\t\t\t<\/div>\n\t\t\t\t<\/div>\n\t\t\t\t<div class=\"elementor-element elementor-element-cb1f58f elementor-invisible elementor-widget elementor-widget-heading\" data-id=\"cb1f58f\" data-element_type=\"widget\" data-settings=\"{&quot;_animation&quot;:&quot;zoomIn&quot;,&quot;_animation_mobile&quot;:&quot;none&quot;,&quot;_animation_delay&quot;:400}\" data-widget_type=\"heading.default\">\n\t\t\t\t<div class=\"elementor-widget-container\">\n\t\t\t\t\t<h2 class=\"elementor-heading-title elementor-size-default\">We have developed different solutions for administration <br>and marketing of temporary rentals<\/h2>\t\t\t\t<\/div>\n\t\t\t\t<\/div>\n\t\t\t\t\t<\/div>\n\t\t<\/div>\n\t\t\t\t\t<\/div>\n\t\t<\/section>\n\t\t\t\t<section class=\"elementor-section elementor-top-section elementor-element elementor-element-acb2070 elementor-section-boxed elementor-section-height-default elementor-section-height-default\" data-id=\"acb2070\" data-element_type=\"section\" data-settings=\"{&quot;background_background&quot;:&quot;classic&quot;}\">\n\t\t\t\t\t\t<div class=\"elementor-container elementor-column-gap-default\">\n\t\t\t\t\t<div class=\"elementor-column elementor-col-100 elementor-top-column elementor-element elementor-element-5f4ae5e\" data-id=\"5f4ae5e\" data-element_type=\"column\">\n\t\t\t<div class=\"elementor-widget-wrap elementor-element-populated\">\n\t\t\t\t\t\t<div class=\"elementor-element elementor-element-44f9e90 elementor-widget elementor-widget-heading\" data-id=\"44f9e90\" data-element_type=\"widget\" data-widget_type=\"heading.default\">\n\t\t\t\t<div class=\"elementor-widget-container\">\n\t\t\t\t\t<h2 class=\"elementor-heading-title elementor-size-default\">The importance of technological development in management\n<\/h2>\t\t\t\t<\/div>\n\t\t\t\t<\/div>\n\t\t\t\t<div class=\"elementor-element elementor-element-568675b elementor-widget-divider--view-line elementor-widget elementor-widget-divider\" data-id=\"568675b\" data-element_type=\"widget\" data-widget_type=\"divider.default\">\n\t\t\t\t<div class=\"elementor-widget-container\">\n\t\t\t\t\t\t\t<div class=\"elementor-divider\">\n\t\t\t<span class=\"elementor-divider-separator\">\n\t\t\t\t\t\t<\/span>\n\t\t<\/div>\n\t\t\t\t\t\t<\/div>\n\t\t\t\t<\/div>\n\t\t\t\t<div class=\"elementor-element elementor-element-1f34192 elementor-widget elementor-widget-text-editor\" data-id=\"1f34192\" data-element_type=\"widget\" data-widget_type=\"text-editor.default\">\n\t\t\t\t<div class=\"elementor-widget-container\">\n\t\t\t\t\t\t\t\t\t<p>Since its beginnings <strong>RentAR Baires<\/strong> has committed to staying at the forefront of technological innovation. <br \/>We use our knowledge and experience in the short-term rental management sector to develop technological solutions that provide value to both owners and guests during their stays, as well as in internal operational management processes.<\/p>\t\t\t\t\t\t\t\t<\/div>\n\t\t\t\t<\/div>\n\t\t\t\t\t<\/div>\n\t\t<\/div>\n\t\t\t\t\t<\/div>\n\t\t<\/section>\n\t\t\t\t<section class=\"elementor-section elementor-top-section elementor-element elementor-element-ce909d1 elementor-hidden-desktop elementor-hidden-tablet elementor-hidden-mobile elementor-section-boxed elementor-section-height-default elementor-section-height-default\" data-id=\"ce909d1\" data-element_type=\"section\" data-settings=\"{&quot;background_background&quot;:&quot;classic&quot;}\">\n\t\t\t\t\t\t<div class=\"elementor-container elementor-column-gap-default\">\n\t\t\t\t\t<div class=\"elementor-column elementor-col-100 elementor-top-column elementor-element elementor-element-54fecf1\" data-id=\"54fecf1\" data-element_type=\"column\">\n\t\t\t<div class=\"elementor-widget-wrap elementor-element-populated\">\n\t\t\t\t\t\t<div class=\"elementor-element elementor-element-f0179a2 elementor-widget elementor-widget-heading\" data-id=\"f0179a2\" data-element_type=\"widget\" data-widget_type=\"heading.default\">\n\t\t\t\t<div class=\"elementor-widget-container\">\n\t\t\t\t\t<h2 class=\"elementor-heading-title elementor-size-default\">RentAR Baires management tools\n<\/h2>\t\t\t\t<\/div>\n\t\t\t\t<\/div>\n\t\t\t\t<div class=\"elementor-element elementor-element-51623d8 elementor-widget-divider--view-line elementor-widget elementor-widget-divider\" data-id=\"51623d8\" data-element_type=\"widget\" data-widget_type=\"divider.default\">\n\t\t\t\t<div class=\"elementor-widget-container\">\n\t\t\t\t\t\t\t<div class=\"elementor-divider\">\n\t\t\t<span class=\"elementor-divider-separator\">\n\t\t\t\t\t\t<\/span>\n\t\t<\/div>\n\t\t\t\t\t\t<\/div>\n\t\t\t\t<\/div>\n\t\t\t\t<div class=\"elementor-element elementor-element-ed9df8b elementor-widget elementor-widget-text-editor\" data-id=\"ed9df8b\" data-element_type=\"widget\" data-widget_type=\"text-editor.default\">\n\t\t\t\t<div class=\"elementor-widget-container\">\n\t\t\t\t\t\t\t\t\t<p>We work with solutions for the administration and marketing of tourist accommodation. <br \/>The importance of technological development in the management of tourist accommodation<\/p>\t\t\t\t\t\t\t\t<\/div>\n\t\t\t\t<\/div>\n\t\t\t\t\t<\/div>\n\t\t<\/div>\n\t\t\t\t\t<\/div>\n\t\t<\/section>\n\t\t\t\t<section class=\"elementor-section elementor-top-section elementor-element elementor-element-4ef991e elementor-section-boxed elementor-section-height-default elementor-section-height-default\" data-id=\"4ef991e\" data-element_type=\"section\" data-settings=\"{&quot;background_background&quot;:&quot;classic&quot;}\">\n\t\t\t\t\t\t<div class=\"elementor-container elementor-column-gap-wide\">\n\t\t\t\t\t<div class=\"elementor-column elementor-col-50 elementor-top-column elementor-element elementor-element-fa4ff69\" data-id=\"fa4ff69\" data-element_type=\"column\" data-settings=\"{&quot;background_background&quot;:&quot;classic&quot;}\">\n\t\t\t<div class=\"elementor-widget-wrap elementor-element-populated\">\n\t\t\t\t\t\t<div class=\"elementor-element elementor-element-2ea7034 elementor-widget elementor-widget-image\" data-id=\"2ea7034\" data-element_type=\"widget\" data-widget_type=\"image.default\">\n\t\t\t\t<div class=\"elementor-widget-container\">\n\t\t\t\t\t\t\t\t\t\t\t\t\t\t\t<img decoding=\"async\" width=\"362\" height=\"110\" src=\"https:\/\/propietarios.rentarbaires.com\/wp-content\/uploads\/2023\/06\/price-labs__1_-removebg-preview.png\" class=\"attachment-full size-full wp-image-1899\" alt=\"\" srcset=\"https:\/\/propietarios.rentarbaires.com\/wp-content\/uploads\/2023\/06\/price-labs__1_-removebg-preview.png 362w, https:\/\/propietarios.rentarbaires.com\/wp-content\/uploads\/2023\/06\/price-labs__1_-removebg-preview-300x91.png 300w\" sizes=\"(max-width: 362px) 100vw, 362px\" \/>\t\t\t\t\t\t\t\t\t\t\t\t\t\t\t<\/div>\n\t\t\t\t<\/div>\n\t\t\t\t<div class=\"elementor-element elementor-element-9e10751 animated-slow elementor-invisible elementor-widget elementor-widget-image\" data-id=\"9e10751\" data-element_type=\"widget\" data-settings=\"{&quot;_animation&quot;:&quot;fadeIn&quot;}\" data-widget_type=\"image.default\">\n\t\t\t\t<div class=\"elementor-widget-container\">\n\t\t\t\t\t\t\t\t\t\t\t\t\t\t\t<img fetchpriority=\"high\" decoding=\"async\" width=\"2048\" height=\"1088\" src=\"https:\/\/propietarios.rentarbaires.com\/wp-content\/uploads\/2023\/07\/pricelabs.png\" class=\"attachment-full size-full wp-image-3345\" alt=\"\" srcset=\"https:\/\/propietarios.rentarbaires.com\/wp-content\/uploads\/2023\/07\/pricelabs.png 2048w, https:\/\/propietarios.rentarbaires.com\/wp-content\/uploads\/2023\/07\/pricelabs-300x159.png 300w, https:\/\/propietarios.rentarbaires.com\/wp-content\/uploads\/2023\/07\/pricelabs-1024x544.png 1024w, https:\/\/propietarios.rentarbaires.com\/wp-content\/uploads\/2023\/07\/pricelabs-768x408.png 768w, https:\/\/propietarios.rentarbaires.com\/wp-content\/uploads\/2023\/07\/pricelabs-1536x816.png 1536w\" sizes=\"(max-width: 2048px) 100vw, 2048px\" \/>\t\t\t\t\t\t\t\t\t\t\t\t\t\t\t<\/div>\n\t\t\t\t<\/div>\n\t\t\t\t<div class=\"elementor-element elementor-element-4e45328 elementor-widget elementor-widget-text-editor\" data-id=\"4e45328\" data-element_type=\"widget\" data-widget_type=\"text-editor.default\">\n\t\t\t\t<div class=\"elementor-widget-container\">\n\t\t\t\t\t\t\t\t\t<p><span style=\"font-weight: 400;\">The tool of <strong><span style=\"color: #018299;\">dynamic rates<\/span><\/strong>, allows for a more efficient diagnosis and decision-making supported by algorithms extracted directly from <strong><span style=\"color: #ff385c;\">airbnb<\/span><\/strong>. Thanks to this tool that we have implemented, we have been able to boost performance, with concrete information backed by data and adapted to local trends and events, seasonal changes and specific days of the week in prices.<br \/><\/span><span style=\"font-weight: 400;\"><strong><span style=\"color: #018299;\">Reduce uncertainty and make more accurate pricing decisions<\/span><\/strong> using local market data.<br \/><\/span><span style=\"font-weight: 400;\"><br \/>It is generated based on:<\/span><\/p><ul><li style=\"font-weight: 400;\" aria-level=\"1\"><span style=\"font-weight: 400;\">Market supply and demand.\u00a0<\/span><\/li><li style=\"font-weight: 400;\" aria-level=\"1\"><span style=\"font-weight: 400;\">Seasonal trends.<\/span><\/li><li style=\"font-weight: 400;\" aria-level=\"1\"><span style=\"font-weight: 400;\">The day of the week.<\/span><\/li><li style=\"font-weight: 400;\" aria-level=\"1\"><span style=\"font-weight: 400;\">The special events.<\/span><\/li><li style=\"font-weight: 400;\" aria-level=\"1\"><span style=\"font-weight: 400;\">Holiday forecasts.<\/span><\/li><li style=\"font-weight: 400;\" aria-level=\"1\"><span style=\"font-weight: 400;\">The number of days left to book.<\/span><\/li><\/ul>\t\t\t\t\t\t\t\t<\/div>\n\t\t\t\t<\/div>\n\t\t\t\t\t<\/div>\n\t\t<\/div>\n\t\t\t\t<div class=\"elementor-column elementor-col-50 elementor-top-column elementor-element elementor-element-8ea4f5f\" data-id=\"8ea4f5f\" data-element_type=\"column\" data-settings=\"{&quot;background_background&quot;:&quot;classic&quot;}\">\n\t\t\t<div class=\"elementor-widget-wrap elementor-element-populated\">\n\t\t\t\t\t\t<div class=\"elementor-element elementor-element-fc389f8 elementor-widget elementor-widget-image\" data-id=\"fc389f8\" data-element_type=\"widget\" data-widget_type=\"image.default\">\n\t\t\t\t<div class=\"elementor-widget-container\">\n\t\t\t\t\t\t\t\t\t\t\t\t\t\t\t<img decoding=\"async\" width=\"7855\" height=\"4500\" src=\"https:\/\/propietarios.rentarbaires.com\/wp-content\/uploads\/2024\/06\/RENTAR-guest-png_Mesa-de-trabajo-1-copia.png\" class=\"attachment-full size-full wp-image-5018\" alt=\"\" srcset=\"https:\/\/propietarios.rentarbaires.com\/wp-content\/uploads\/2024\/06\/RENTAR-guest-png_Mesa-de-trabajo-1-copia.png 7855w, https:\/\/propietarios.rentarbaires.com\/wp-content\/uploads\/2024\/06\/RENTAR-guest-png_Mesa-de-trabajo-1-copia-300x172.png 300w, https:\/\/propietarios.rentarbaires.com\/wp-content\/uploads\/2024\/06\/RENTAR-guest-png_Mesa-de-trabajo-1-copia-1024x587.png 1024w, https:\/\/propietarios.rentarbaires.com\/wp-content\/uploads\/2024\/06\/RENTAR-guest-png_Mesa-de-trabajo-1-copia-768x440.png 768w, https:\/\/propietarios.rentarbaires.com\/wp-content\/uploads\/2024\/06\/RENTAR-guest-png_Mesa-de-trabajo-1-copia-1536x880.png 1536w, https:\/\/propietarios.rentarbaires.com\/wp-content\/uploads\/2024\/06\/RENTAR-guest-png_Mesa-de-trabajo-1-copia-2048x1173.png 2048w\" sizes=\"(max-width: 7855px) 100vw, 7855px\" \/>\t\t\t\t\t\t\t\t\t\t\t\t\t\t\t<\/div>\n\t\t\t\t<\/div>\n\t\t\t\t<div class=\"elementor-element elementor-element-b7ba41a animated-slow elementor-invisible elementor-widget elementor-widget-image\" data-id=\"b7ba41a\" data-element_type=\"widget\" data-settings=\"{&quot;_animation&quot;:&quot;fadeIn&quot;,&quot;_animation_delay&quot;:200}\" data-widget_type=\"image.default\">\n\t\t\t\t<div class=\"elementor-widget-container\">\n\t\t\t\t\t\t\t\t\t\t\t\t\t\t\t<img loading=\"lazy\" decoding=\"async\" width=\"800\" height=\"584\" src=\"https:\/\/propietarios.rentarbaires.com\/wp-content\/uploads\/2023\/07\/operto-1-e1690829520236.png\" class=\"attachment-full size-full wp-image-3407\" alt=\"\" srcset=\"https:\/\/propietarios.rentarbaires.com\/wp-content\/uploads\/2023\/07\/operto-1-e1690829520236.png 800w, https:\/\/propietarios.rentarbaires.com\/wp-content\/uploads\/2023\/07\/operto-1-e1690829520236-300x219.png 300w, https:\/\/propietarios.rentarbaires.com\/wp-content\/uploads\/2023\/07\/operto-1-e1690829520236-768x561.png 768w\" sizes=\"(max-width: 800px) 100vw, 800px\" \/>\t\t\t\t\t\t\t\t\t\t\t\t\t\t\t<\/div>\n\t\t\t\t<\/div>\n\t\t\t\t<div class=\"elementor-element elementor-element-bdf047f elementor-widget elementor-widget-text-editor\" data-id=\"bdf047f\" data-element_type=\"widget\" data-widget_type=\"text-editor.default\">\n\t\t\t\t<div class=\"elementor-widget-container\">\n\t\t\t\t\t\t\t\t\t<p><span style=\"font-weight: 400;\">We create beautiful experiences for guests, thanks to this tool <strong><span style=\"color: #0098b3;\"><span style=\"color: #018299;\">we managed to show you <\/span><\/span><\/strong>to the guests all the information that allows them to get to know <span style=\"color: #018299;\"><strong>more in depth<\/strong><\/span> both <strong><span style=\"color: #018299;\">the department<\/span><\/strong>as the<strong> <span style=\"color: #018299;\">building facilities<\/span><\/strong>, <span style=\"color: #000000;\">as the<\/span><span style=\"color: #018299;\"><strong> city \u200b\u200bof Buenos Aires<\/strong>.<\/span><\/span><\/p>\n<p><span style=\"font-weight: 400;\">Among the information we provide are:<\/span><\/p>\n<ul>\n<li style=\"font-weight: 400;\" aria-level=\"1\"><span style=\"font-weight: 400;\">The rules of the house.<\/span><\/li>\n<li style=\"font-weight: 400;\" aria-level=\"1\"><span style=\"font-weight: 400;\">The apartment's Wifi.<\/span><\/li>\n<li style=\"font-weight: 400;\" aria-level=\"1\"><span style=\"font-weight: 400;\">The use of certain appliances in the apartment.<\/span><\/li>\n<li style=\"font-weight: 400;\" aria-level=\"1\"><span style=\"font-weight: 400;\">A tour of the apartment and its features.<\/span><\/li>\n<li style=\"font-weight: 400;\" aria-level=\"1\"><span style=\"font-weight: 400;\">The neighborhood guide.<\/span><\/li>\n<li style=\"font-weight: 400;\" aria-level=\"1\"><span style=\"font-weight: 400;\">Luggage storage.<\/span><\/li>\n<li style=\"font-weight: 400;\" aria-level=\"1\"><span style=\"font-weight: 400;\">The way to move by public transport.<\/span><\/li>\n<\/ul>\t\t\t\t\t\t\t\t<\/div>\n\t\t\t\t<\/div>\n\t\t\t\t\t<\/div>\n\t\t<\/div>\n\t\t\t\t\t<\/div>\n\t\t<\/section>\n\t\t\t\t<\/div>","protected":false},"excerpt":{"rendered":"<p>Herramientas de gesti\u00f3n RentAR Baires Hemos desarrollado diferentes soluciones para la administraci\u00f3n y comercializaci\u00f3n de alquileres temporales La importancia del desarrollo tecnol\u00f3gico en la gesti\u00f3n Desde sus inicios RentAR Baires ha apostado por mantenerse a la vanguardia de la innovaci\u00f3n tecnol\u00f3gica. Utilizamos nuestro conocimiento y experiencia en el sector de la gesti\u00f3n de alquiler temporal &hellip;<\/p>\n<p class=\"read-more\"> <a class=\"\" href=\"https:\/\/propietarios.rentarbaires.com\/en\/servicios\/soluciones\/\"> <span class=\"screen-reader-text\">Solutions<\/span> Read More &raquo;<\/a><\/p>","protected":false},"author":2,"featured_media":0,"parent":10,"menu_order":0,"comment_status":"closed","ping_status":"closed","template":"","meta":{"site-sidebar-layout":"no-sidebar","site-content-layout":"page-builder","ast-global-header-display":"","ast-banner-title-visibility":"","ast-main-header-display":"","ast-hfb-above-header-display":"","ast-hfb-below-header-display":"","ast-hfb-mobile-header-display":"","site-post-title":"disabled","ast-breadcrumbs-content":"","ast-featured-img":"disabled","footer-sml-layout":"","theme-transparent-header-meta":"","adv-header-id-meta":"","stick-header-meta":"","header-above-stick-meta":"","header-main-stick-meta":"","header-below-stick-meta":"","_joinchat":[],"footnotes":""},"class_list":["post-376","page","type-page","status-publish","hentry"],"yoast_head":"<!-- This site is optimized with the Yoast SEO Premium plugin v21.0 (Yoast SEO v21.0) - https:\/\/yoast.com\/wordpress\/plugins\/seo\/ -->\n<title>Soluciones - RentAr Baires<\/title>\n<meta name=\"robots\" content=\"index, follow, max-snippet:-1, max-image-preview:large, max-video-preview:-1\" \/>\n<link rel=\"canonical\" href=\"https:\/\/propietarios.rentarbaires.com\/en\/servicios\/soluciones\/\" \/>\n<meta property=\"og:locale\" content=\"en_US\" \/>\n<meta property=\"og:type\" content=\"article\" \/>\n<meta property=\"og:title\" content=\"Soluciones - RentAr Baires\" \/>\n<meta property=\"og:description\" content=\"Herramientas de gesti\u00f3n RentAR Baires Hemos desarrollado diferentes soluciones para la administraci\u00f3n y comercializaci\u00f3n de alquileres temporales La importancia del desarrollo tecnol\u00f3gico en la gesti\u00f3n Desde sus inicios RentAR Baires ha apostado por mantenerse a la vanguardia de la innovaci\u00f3n tecnol\u00f3gica. Utilizamos nuestro conocimiento y experiencia en el sector de la gesti\u00f3n de alquiler temporal &hellip; Soluciones Read More &raquo;\" \/>\n<meta property=\"og:url\" content=\"https:\/\/propietarios.rentarbaires.com\/en\/servicios\/soluciones\/\" \/>\n<meta property=\"og:site_name\" content=\"RentAr Baires\" \/>\n<meta property=\"article:modified_time\" content=\"2024-06-24T13:20:55+00:00\" \/>\n<meta property=\"og:image\" content=\"https:\/\/propietarios.rentarbaires.com\/wp-content\/uploads\/2023\/06\/price-labs__1_-removebg-preview.png\" \/>\n<meta name=\"twitter:card\" content=\"summary_large_image\" \/>\n<meta name=\"twitter:label1\" content=\"Est. reading time\" \/>\n\t<meta name=\"twitter:data1\" content=\"3 minutes\" \/>\n<script type=\"application\/ld+json\" class=\"yoast-schema-graph\">{\"@context\":\"https:\/\/schema.org\",\"@graph\":[{\"@type\":\"WebPage\",\"@id\":\"https:\/\/propietarios.rentarbaires.com\/servicios\/soluciones\/\",\"url\":\"https:\/\/propietarios.rentarbaires.com\/servicios\/soluciones\/\",\"name\":\"Soluciones - RentAr Baires\",\"isPartOf\":{\"@id\":\"https:\/\/propietarios.rentarbaires.com\/#website\"},\"datePublished\":\"2023-05-29T16:39:17+00:00\",\"dateModified\":\"2024-06-24T13:20:55+00:00\",\"breadcrumb\":{\"@id\":\"https:\/\/propietarios.rentarbaires.com\/servicios\/soluciones\/#breadcrumb\"},\"inLanguage\":\"en-US\",\"potentialAction\":[{\"@type\":\"ReadAction\",\"target\":[\"https:\/\/propietarios.rentarbaires.com\/servicios\/soluciones\/\"]}]},{\"@type\":\"BreadcrumbList\",\"@id\":\"https:\/\/propietarios.rentarbaires.com\/servicios\/soluciones\/#breadcrumb\",\"itemListElement\":[{\"@type\":\"ListItem\",\"position\":1,\"name\":\"Home\",\"item\":\"https:\/\/propietarios.rentarbaires.com\/\"},{\"@type\":\"ListItem\",\"position\":2,\"name\":\"Servicios\",\"item\":\"https:\/\/propietarios.rentarbaires.com\/servicios\/\"},{\"@type\":\"ListItem\",\"position\":3,\"name\":\"Soluciones\"}]},{\"@type\":\"WebSite\",\"@id\":\"https:\/\/propietarios.rentarbaires.com\/#website\",\"url\":\"https:\/\/propietarios.rentarbaires.com\/\",\"name\":\"RentAR Baires\",\"description\":\"\",\"publisher\":{\"@id\":\"https:\/\/propietarios.rentarbaires.com\/#organization\"},\"alternateName\":\"RentAR Baires\",\"potentialAction\":[{\"@type\":\"SearchAction\",\"target\":{\"@type\":\"EntryPoint\",\"urlTemplate\":\"https:\/\/propietarios.rentarbaires.com\/?s={search_term_string}\"},\"query-input\":\"required name=search_term_string\"}],\"inLanguage\":\"en-US\"},{\"@type\":\"Organization\",\"@id\":\"https:\/\/propietarios.rentarbaires.com\/#organization\",\"name\":\"RentAR Baires\",\"alternateName\":\"RentAR Baires\",\"url\":\"https:\/\/propietarios.rentarbaires.com\/\",\"logo\":{\"@type\":\"ImageObject\",\"inLanguage\":\"en-US\",\"@id\":\"https:\/\/propietarios.rentarbaires.com\/#\/schema\/logo\/image\/\",\"url\":\"https:\/\/rentarbaires.com\/wp-content\/uploads\/2023\/05\/Logos-57.jpg\",\"contentUrl\":\"https:\/\/rentarbaires.com\/wp-content\/uploads\/2023\/05\/Logos-57.jpg\",\"width\":1080,\"height\":1080,\"caption\":\"RentAR Baires\"},\"image\":{\"@id\":\"https:\/\/propietarios.rentarbaires.com\/#\/schema\/logo\/image\/\"}}]}<\/script>\n<!-- \/ Yoast SEO Premium plugin. -->","yoast_head_json":{"title":"Soluciones - RentAr Baires","robots":{"index":"index","follow":"follow","max-snippet":"max-snippet:-1","max-image-preview":"max-image-preview:large","max-video-preview":"max-video-preview:-1"},"canonical":"https:\/\/propietarios.rentarbaires.com\/en\/servicios\/soluciones\/","og_locale":"en_US","og_type":"article","og_title":"Soluciones - RentAr Baires","og_description":"Herramientas de gesti\u00f3n RentAR Baires Hemos desarrollado diferentes soluciones para la administraci\u00f3n y comercializaci\u00f3n de alquileres temporales La importancia del desarrollo tecnol\u00f3gico en la gesti\u00f3n Desde sus inicios RentAR Baires ha apostado por mantenerse a la vanguardia de la innovaci\u00f3n tecnol\u00f3gica. Utilizamos nuestro conocimiento y experiencia en el sector de la gesti\u00f3n de alquiler temporal &hellip; Soluciones Read More &raquo;","og_url":"https:\/\/propietarios.rentarbaires.com\/en\/servicios\/soluciones\/","og_site_name":"RentAr Baires","article_modified_time":"2024-06-24T13:20:55+00:00","og_image":[{"url":"https:\/\/propietarios.rentarbaires.com\/wp-content\/uploads\/2023\/06\/price-labs__1_-removebg-preview.png"}],"twitter_card":"summary_large_image","twitter_misc":{"Est. reading time":"3 minutes"},"schema":{"@context":"https:\/\/schema.org","@graph":[{"@type":"WebPage","@id":"https:\/\/propietarios.rentarbaires.com\/servicios\/soluciones\/","url":"https:\/\/propietarios.rentarbaires.com\/servicios\/soluciones\/","name":"Soluciones - RentAr Baires","isPartOf":{"@id":"https:\/\/propietarios.rentarbaires.com\/#website"},"datePublished":"2023-05-29T16:39:17+00:00","dateModified":"2024-06-24T13:20:55+00:00","breadcrumb":{"@id":"https:\/\/propietarios.rentarbaires.com\/servicios\/soluciones\/#breadcrumb"},"inLanguage":"en-US","potentialAction":[{"@type":"ReadAction","target":["https:\/\/propietarios.rentarbaires.com\/servicios\/soluciones\/"]}]},{"@type":"BreadcrumbList","@id":"https:\/\/propietarios.rentarbaires.com\/servicios\/soluciones\/#breadcrumb","itemListElement":[{"@type":"ListItem","position":1,"name":"Home","item":"https:\/\/propietarios.rentarbaires.com\/"},{"@type":"ListItem","position":2,"name":"Servicios","item":"https:\/\/propietarios.rentarbaires.com\/servicios\/"},{"@type":"ListItem","position":3,"name":"Soluciones"}]},{"@type":"WebSite","@id":"https:\/\/propietarios.rentarbaires.com\/#website","url":"https:\/\/propietarios.rentarbaires.com\/","name":"RentAR Baires","description":"","publisher":{"@id":"https:\/\/propietarios.rentarbaires.com\/#organization"},"alternateName":"RentAR Baires","potentialAction":[{"@type":"SearchAction","target":{"@type":"EntryPoint","urlTemplate":"https:\/\/propietarios.rentarbaires.com\/?s={search_term_string}"},"query-input":"required name=search_term_string"}],"inLanguage":"en-US"},{"@type":"Organization","@id":"https:\/\/propietarios.rentarbaires.com\/#organization","name":"RentAR Baires","alternateName":"RentAR Baires","url":"https:\/\/propietarios.rentarbaires.com\/","logo":{"@type":"ImageObject","inLanguage":"en-US","@id":"https:\/\/propietarios.rentarbaires.com\/#\/schema\/logo\/image\/","url":"https:\/\/rentarbaires.com\/wp-content\/uploads\/2023\/05\/Logos-57.jpg","contentUrl":"https:\/\/rentarbaires.com\/wp-content\/uploads\/2023\/05\/Logos-57.jpg","width":1080,"height":1080,"caption":"RentAR Baires"},"image":{"@id":"https:\/\/propietarios.rentarbaires.com\/#\/schema\/logo\/image\/"}}]}},"_links":{"self":[{"href":"https:\/\/propietarios.rentarbaires.com\/en\/wp-json\/wp\/v2\/pages\/376","targetHints":{"allow":["GET"]}}],"collection":[{"href":"https:\/\/propietarios.rentarbaires.com\/en\/wp-json\/wp\/v2\/pages"}],"about":[{"href":"https:\/\/propietarios.rentarbaires.com\/en\/wp-json\/wp\/v2\/types\/page"}],"author":[{"embeddable":true,"href":"https:\/\/propietarios.rentarbaires.com\/en\/wp-json\/wp\/v2\/users\/2"}],"replies":[{"embeddable":true,"href":"https:\/\/propietarios.rentarbaires.com\/en\/wp-json\/wp\/v2\/comments?post=376"}],"version-history":[{"count":249,"href":"https:\/\/propietarios.rentarbaires.com\/en\/wp-json\/wp\/v2\/pages\/376\/revisions"}],"predecessor-version":[{"id":5026,"href":"https:\/\/propietarios.rentarbaires.com\/en\/wp-json\/wp\/v2\/pages\/376\/revisions\/5026"}],"up":[{"embeddable":true,"href":"https:\/\/propietarios.rentarbaires.com\/en\/wp-json\/wp\/v2\/pages\/10"}],"wp:attachment":[{"href":"https:\/\/propietarios.rentarbaires.com\/en\/wp-json\/wp\/v2\/media?parent=376"}],"curies":[{"name":"wp","href":"https:\/\/api.w.org\/{rel}","templated":true}]}}