{"id":677,"date":"2023-06-14T17:47:52","date_gmt":"2023-06-14T17:47:52","guid":{"rendered":"https:\/\/propietarios.rentarbaires.com\/?page_id=677"},"modified":"2023-09-06T19:29:24","modified_gmt":"2023-09-06T19:29:24","slug":"mantenimiento","status":"publish","type":"page","link":"https:\/\/propietarios.rentarbaires.com\/pt\/servicios\/mantenimiento\/","title":{"rendered":"Manuten\u00e7\u00e3o"},"content":{"rendered":"<div data-elementor-type=\"wp-page\" data-elementor-id=\"677\" class=\"elementor elementor-677\" data-elementor-post-type=\"page\">\n\t\t\t\t\t\t<section class=\"elementor-section elementor-top-section elementor-element elementor-element-488b516 elementor-section-height-min-height elementor-section-boxed elementor-section-height-default elementor-section-items-middle\" data-id=\"488b516\" data-element_type=\"section\" data-settings=\"{&quot;background_background&quot;:&quot;classic&quot;}\">\n\t\t\t\t\t\t\t<div class=\"elementor-background-overlay\"><\/div>\n\t\t\t\t\t\t\t<div class=\"elementor-container elementor-column-gap-default\">\n\t\t\t\t\t<div class=\"elementor-column elementor-col-100 elementor-top-column elementor-element elementor-element-3131ad3\" data-id=\"3131ad3\" data-element_type=\"column\">\n\t\t\t<div class=\"elementor-widget-wrap elementor-element-populated\">\n\t\t\t\t\t\t<div class=\"elementor-element elementor-element-838909f elementor-invisible elementor-widget elementor-widget-heading\" data-id=\"838909f\" data-element_type=\"widget\" data-settings=\"{&quot;_animation&quot;:&quot;zoomIn&quot;,&quot;_animation_mobile&quot;:&quot;none&quot;}\" data-widget_type=\"heading.default\">\n\t\t\t\t<div class=\"elementor-widget-container\">\n\t\t\t\t\t<h2 class=\"elementor-heading-title elementor-size-default\">Servi\u00e7o de manuten\u00e7\u00e3o<\/h2>\t\t\t\t<\/div>\n\t\t\t\t<\/div>\n\t\t\t\t<div class=\"elementor-element elementor-element-cb1f58f elementor-invisible elementor-widget elementor-widget-heading\" data-id=\"cb1f58f\" data-element_type=\"widget\" data-settings=\"{&quot;_animation&quot;:&quot;zoomIn&quot;,&quot;_animation_mobile&quot;:&quot;none&quot;,&quot;_animation_delay&quot;:400}\" data-widget_type=\"heading.default\">\n\t\t\t\t<div class=\"elementor-widget-container\">\n\t\t\t\t\t<h2 class=\"elementor-heading-title elementor-size-default\">RentAR Baires oferece um servi\u00e7o de manuten\u00e7\u00e3o para que <br>qualquer imprevisto n\u00e3o \u00e9 um problema<\/h2>\t\t\t\t<\/div>\n\t\t\t\t<\/div>\n\t\t\t\t\t<\/div>\n\t\t<\/div>\n\t\t\t\t\t<\/div>\n\t\t<\/section>\n\t\t\t\t<section class=\"elementor-section elementor-top-section elementor-element elementor-element-74ad562 elementor-section-boxed elementor-section-height-default elementor-section-height-default\" data-id=\"74ad562\" data-element_type=\"section\" data-settings=\"{&quot;background_background&quot;:&quot;classic&quot;}\">\n\t\t\t\t\t\t<div class=\"elementor-container elementor-column-gap-default\">\n\t\t\t\t\t<div class=\"elementor-column elementor-col-25 elementor-top-column elementor-element elementor-element-e540248\" data-id=\"e540248\" data-element_type=\"column\">\n\t\t\t<div class=\"elementor-widget-wrap elementor-element-populated\">\n\t\t\t\t\t\t<div class=\"elementor-element elementor-element-9ba6bf7 elementor-position-top elementor-widget elementor-widget-image-box\" data-id=\"9ba6bf7\" data-element_type=\"widget\" data-widget_type=\"image-box.default\">\n\t\t\t\t<div class=\"elementor-widget-container\">\n\t\t\t\t\t<div class=\"elementor-image-box-wrapper\"><figure class=\"elementor-image-box-img\"><img fetchpriority=\"high\" decoding=\"async\" width=\"256\" height=\"256\" src=\"https:\/\/propietarios.rentarbaires.com\/wp-content\/uploads\/2023\/07\/001-hogar.png\" class=\"attachment-full size-full wp-image-3515\" alt=\"\" srcset=\"https:\/\/propietarios.rentarbaires.com\/wp-content\/uploads\/2023\/07\/001-hogar.png 256w, https:\/\/propietarios.rentarbaires.com\/wp-content\/uploads\/2023\/07\/001-hogar-150x150.png 150w\" sizes=\"(max-width: 256px) 100vw, 256px\" \/><\/figure><div class=\"elementor-image-box-content\"><h3 class=\"elementor-image-box-title\">Revis\u00e3o inicial da sua casa<\/h3><\/div><\/div>\t\t\t\t<\/div>\n\t\t\t\t<\/div>\n\t\t\t\t\t<\/div>\n\t\t<\/div>\n\t\t\t\t<div class=\"elementor-column elementor-col-25 elementor-top-column elementor-element elementor-element-3bb2276\" data-id=\"3bb2276\" data-element_type=\"column\">\n\t\t\t<div class=\"elementor-widget-wrap elementor-element-populated\">\n\t\t\t\t\t\t<div class=\"elementor-element elementor-element-f685c6a elementor-position-top elementor-widget elementor-widget-image-box\" data-id=\"f685c6a\" data-element_type=\"widget\" data-widget_type=\"image-box.default\">\n\t\t\t\t<div class=\"elementor-widget-container\">\n\t\t\t\t\t<div class=\"elementor-image-box-wrapper\"><figure class=\"elementor-image-box-img\"><img decoding=\"async\" width=\"256\" height=\"256\" src=\"https:\/\/propietarios.rentarbaires.com\/wp-content\/uploads\/2023\/08\/champu.png\" class=\"attachment-full size-full wp-image-3671\" alt=\"\" srcset=\"https:\/\/propietarios.rentarbaires.com\/wp-content\/uploads\/2023\/08\/champu.png 256w, https:\/\/propietarios.rentarbaires.com\/wp-content\/uploads\/2023\/08\/champu-150x150.png 150w\" sizes=\"(max-width: 256px) 100vw, 256px\" \/><\/figure><div class=\"elementor-image-box-content\"><h3 class=\"elementor-image-box-title\">Reabastecimento de suprimentos<\/h3><\/div><\/div>\t\t\t\t<\/div>\n\t\t\t\t<\/div>\n\t\t\t\t\t<\/div>\n\t\t<\/div>\n\t\t\t\t<div class=\"elementor-column elementor-col-25 elementor-top-column elementor-element elementor-element-20b5502\" data-id=\"20b5502\" data-element_type=\"column\">\n\t\t\t<div class=\"elementor-widget-wrap elementor-element-populated\">\n\t\t\t\t\t\t<div class=\"elementor-element elementor-element-4833635 elementor-position-top elementor-widget elementor-widget-image-box\" data-id=\"4833635\" data-element_type=\"widget\" data-widget_type=\"image-box.default\">\n\t\t\t\t<div class=\"elementor-widget-container\">\n\t\t\t\t\t<div class=\"elementor-image-box-wrapper\"><figure class=\"elementor-image-box-img\"><img decoding=\"async\" width=\"256\" height=\"256\" src=\"https:\/\/propietarios.rentarbaires.com\/wp-content\/uploads\/2023\/07\/002-mano-de-obra.png\" class=\"attachment-full size-full wp-image-3522\" alt=\"\" srcset=\"https:\/\/propietarios.rentarbaires.com\/wp-content\/uploads\/2023\/07\/002-mano-de-obra.png 256w, https:\/\/propietarios.rentarbaires.com\/wp-content\/uploads\/2023\/07\/002-mano-de-obra-150x150.png 150w\" sizes=\"(max-width: 256px) 100vw, 256px\" \/><\/figure><div class=\"elementor-image-box-content\"><h3 class=\"elementor-image-box-title\">Manuten\u00e7\u00e3o geral<\/h3><\/div><\/div>\t\t\t\t<\/div>\n\t\t\t\t<\/div>\n\t\t\t\t\t<\/div>\n\t\t<\/div>\n\t\t\t\t<div class=\"elementor-column elementor-col-25 elementor-top-column elementor-element elementor-element-dd01195\" data-id=\"dd01195\" data-element_type=\"column\">\n\t\t\t<div class=\"elementor-widget-wrap elementor-element-populated\">\n\t\t\t\t\t\t<div class=\"elementor-element elementor-element-ea237c6 elementor-position-top elementor-widget elementor-widget-image-box\" data-id=\"ea237c6\" data-element_type=\"widget\" data-widget_type=\"image-box.default\">\n\t\t\t\t<div class=\"elementor-widget-container\">\n\t\t\t\t\t<div class=\"elementor-image-box-wrapper\"><figure class=\"elementor-image-box-img\"><img loading=\"lazy\" decoding=\"async\" width=\"256\" height=\"256\" src=\"https:\/\/propietarios.rentarbaires.com\/wp-content\/uploads\/2023\/08\/llamada.png\" class=\"attachment-full size-full wp-image-3672\" alt=\"\" srcset=\"https:\/\/propietarios.rentarbaires.com\/wp-content\/uploads\/2023\/08\/llamada.png 256w, https:\/\/propietarios.rentarbaires.com\/wp-content\/uploads\/2023\/08\/llamada-150x150.png 150w\" sizes=\"(max-width: 256px) 100vw, 256px\" \/><\/figure><div class=\"elementor-image-box-content\"><h3 class=\"elementor-image-box-title\">Gest\u00e3o de servi\u00e7os externos<\/h3><\/div><\/div>\t\t\t\t<\/div>\n\t\t\t\t<\/div>\n\t\t\t\t\t<\/div>\n\t\t<\/div>\n\t\t\t\t\t<\/div>\n\t\t<\/section>\n\t\t\t\t<section class=\"elementor-section elementor-top-section elementor-element elementor-element-acb2070 elementor-section-boxed elementor-section-height-default elementor-section-height-default\" data-id=\"acb2070\" data-element_type=\"section\" data-settings=\"{&quot;background_background&quot;:&quot;classic&quot;}\">\n\t\t\t\t\t\t<div class=\"elementor-container elementor-column-gap-default\">\n\t\t\t\t\t<div class=\"elementor-column elementor-col-100 elementor-top-column elementor-element elementor-element-5f4ae5e\" data-id=\"5f4ae5e\" data-element_type=\"column\">\n\t\t\t<div class=\"elementor-widget-wrap elementor-element-populated\">\n\t\t\t\t\t\t<div class=\"elementor-element elementor-element-44f9e90 elementor-widget elementor-widget-heading\" data-id=\"44f9e90\" data-element_type=\"widget\" data-widget_type=\"heading.default\">\n\t\t\t\t<div class=\"elementor-widget-container\">\n\t\t\t\t\t<h2 class=\"elementor-heading-title elementor-size-default\">Em que consiste o servi\u00e7o de manuten\u00e7\u00e3o RentAR Baires?<\/h2>\t\t\t\t<\/div>\n\t\t\t\t<\/div>\n\t\t\t\t<div class=\"elementor-element elementor-element-568675b elementor-widget-divider--view-line elementor-widget elementor-widget-divider\" data-id=\"568675b\" data-element_type=\"widget\" data-widget_type=\"divider.default\">\n\t\t\t\t<div class=\"elementor-widget-container\">\n\t\t\t\t\t\t\t<div class=\"elementor-divider\">\n\t\t\t<span class=\"elementor-divider-separator\">\n\t\t\t\t\t\t<\/span>\n\t\t<\/div>\n\t\t\t\t\t\t<\/div>\n\t\t\t\t<\/div>\n\t\t\t\t<div class=\"elementor-element elementor-element-1f34192 elementor-widget elementor-widget-text-editor\" data-id=\"1f34192\" data-element_type=\"widget\" data-widget_type=\"text-editor.default\">\n\t\t\t\t<div class=\"elementor-widget-container\">\n\t\t\t\t\t\t\t\t\t<div class=\"contain-limpieza-1\">\n<p>O servi\u00e7o de manuten\u00e7\u00e3o est\u00e1 inclu\u00eddo no servi\u00e7o completo de gest\u00e3o de <strong>RentAR Baires<\/strong>. Podemos diferenciar <strong><span style=\"color: #018299;\">3 n\u00edveis de servi\u00e7os<\/span><\/strong> dependendo da tipologia do problema:<\/p><p>&nbsp; <br><strong><span style=\"color: #018299;\">Manuten\u00e7\u00e3o B\u00e1sica:<\/span><\/strong> A nossa equipa de manuten\u00e7\u00e3o, presente 365 dias por ano, ser\u00e1 respons\u00e1vel pela aquisi\u00e7\u00e3o de quaisquer consum\u00edveis que necessitem de substitui\u00e7\u00e3o ou pela resolu\u00e7\u00e3o de qualquer incidente que n\u00e3o necessite de um t\u00e9cnico especializado.<\/p>\n<p><strong><span style=\"color: #018299;\">Aten\u00e7\u00e3o t\u00e9cnica especializada:<\/span> RentAR Baires<\/strong> Conta com fornecedores especializados (canalizadores, electricistas, t\u00e9cnicos de electrodom\u00e9sticos, ar e aquecimento) para atender a casa e resolver o problema ap\u00f3s or\u00e7amento.<\/p>\n<p><strong><span style=\"color: #018299;\">Coordena\u00e7\u00e3o com seguro residencial: <\/span><\/strong>Encarregamo-nos de gerir a visita do seguro caso tenha que atender a algum dano coberto causado no apartamento.<\/p>\n<\/div>\t\t\t\t\t\t\t\t<\/div>\n\t\t\t\t<\/div>\n\t\t\t\t\t<\/div>\n\t\t<\/div>\n\t\t\t\t\t<\/div>\n\t\t<\/section>\n\t\t\t\t<section class=\"elementor-section elementor-top-section elementor-element elementor-element-4cc76b2 elementor-section-full_width elementor-section-height-min-height elementor-section-items-stretch elementor-section-height-default\" data-id=\"4cc76b2\" data-element_type=\"section\" data-settings=\"{&quot;background_background&quot;:&quot;classic&quot;,&quot;shape_divider_top&quot;:&quot;tilt&quot;}\">\n\t\t\t\t\t<div class=\"elementor-shape elementor-shape-top\" data-negative=\"false\">\n\t\t\t<svg xmlns=\"http:\/\/www.w3.org\/2000\/svg\" viewbox=\"0 0 1000 100\" preserveaspectratio=\"none\">\n\t<path class=\"elementor-shape-fill\" d=\"M0,6V0h1000v100L0,6z\"\/>\n<\/svg>\t\t<\/div>\n\t\t\t\t\t<div class=\"elementor-container elementor-column-gap-no\">\n\t\t\t\t\t<div class=\"elementor-column elementor-col-100 elementor-top-column elementor-element elementor-element-012c1d6\" data-id=\"012c1d6\" data-element_type=\"column\">\n\t\t\t<div class=\"elementor-widget-wrap\">\n\t\t\t\t\t\t\t<\/div>\n\t\t<\/div>\n\t\t\t\t\t<\/div>\n\t\t<\/section>\n\t\t\t\t<section class=\"elementor-section elementor-top-section elementor-element elementor-element-b33ad19 elementor-section-boxed elementor-section-height-default elementor-section-height-default\" data-id=\"b33ad19\" data-element_type=\"section\" data-settings=\"{&quot;background_background&quot;:&quot;classic&quot;}\">\n\t\t\t\t\t\t<div class=\"elementor-container elementor-column-gap-default\">\n\t\t\t\t\t<div class=\"elementor-column elementor-col-100 elementor-top-column elementor-element elementor-element-6f841c1\" data-id=\"6f841c1\" data-element_type=\"column\">\n\t\t\t<div class=\"elementor-widget-wrap elementor-element-populated\">\n\t\t\t\t\t\t<div class=\"elementor-element elementor-element-2f69f1e elementor-widget elementor-widget-heading\" data-id=\"2f69f1e\" data-element_type=\"widget\" data-widget_type=\"heading.default\">\n\t\t\t\t<div class=\"elementor-widget-container\">\n\t\t\t\t\t<h2 class=\"elementor-heading-title elementor-size-default\">Posso controlar os custos de manuten\u00e7\u00e3o?\n<\/h2>\t\t\t\t<\/div>\n\t\t\t\t<\/div>\n\t\t\t\t<div class=\"elementor-element elementor-element-fed8bd7 elementor-widget-divider--view-line elementor-widget elementor-widget-divider\" data-id=\"fed8bd7\" data-element_type=\"widget\" data-widget_type=\"divider.default\">\n\t\t\t\t<div class=\"elementor-widget-container\">\n\t\t\t\t\t\t\t<div class=\"elementor-divider\">\n\t\t\t<span class=\"elementor-divider-separator\">\n\t\t\t\t\t\t<\/span>\n\t\t<\/div>\n\t\t\t\t\t\t<\/div>\n\t\t\t\t<\/div>\n\t\t\t\t<div class=\"elementor-element elementor-element-c9cf4e3 elementor-widget elementor-widget-text-editor\" data-id=\"c9cf4e3\" data-element_type=\"widget\" data-widget_type=\"text-editor.default\">\n\t\t\t\t<div class=\"elementor-widget-container\">\n\t\t\t\t\t\t\t\t\t<div class=\"contain-limpieza-1\"><p>O departamento de opera\u00e7\u00f5es da <strong>RentAR Baires<\/strong> trabalhar\u00e1 para otimizar as a\u00e7\u00f5es que forem necess\u00e1rias no lar. Nenhum deles que necessite de assist\u00eancia t\u00e9cnica especializada ser\u00e1 realizado sem aprova\u00e7\u00e3o de or\u00e7amento pelo propriet\u00e1rio.<\/p><p>Os danos causados \u200b\u200bpelos inquilinos ser\u00e3o analisados \u200b\u200bno check-out e reclamados atrav\u00e9s dos meios apropriados.<\/p><\/div>\t\t\t\t\t\t\t\t<\/div>\n\t\t\t\t<\/div>\n\t\t\t\t\t<\/div>\n\t\t<\/div>\n\t\t\t\t\t<\/div>\n\t\t<\/section>\n\t\t\t\t<section class=\"elementor-section elementor-top-section elementor-element elementor-element-30ccc6c elementor-section-boxed elementor-section-height-default elementor-section-height-default\" data-id=\"30ccc6c\" data-element_type=\"section\" data-settings=\"{&quot;background_background&quot;:&quot;classic&quot;}\">\n\t\t\t\t\t\t\t<div class=\"elementor-background-overlay\"><\/div>\n\t\t\t\t\t\t\t<div class=\"elementor-container elementor-column-gap-default\">\n\t\t\t\t\t<div class=\"elementor-column elementor-col-50 elementor-top-column elementor-element elementor-element-40442ee\" data-id=\"40442ee\" data-element_type=\"column\">\n\t\t\t<div class=\"elementor-widget-wrap elementor-element-populated\">\n\t\t\t\t\t\t<div class=\"elementor-element elementor-element-aa2935b elementor-widget__width-initial elementor-widget elementor-widget-heading\" data-id=\"aa2935b\" data-element_type=\"widget\" data-widget_type=\"heading.default\">\n\t\t\t\t<div class=\"elementor-widget-container\">\n\t\t\t\t\t<h2 class=\"elementor-heading-title elementor-size-default\">Voc\u00ea tem alguma d\u00favida? Quer saber mais sobre n\u00f3s?<\/h2>\t\t\t\t<\/div>\n\t\t\t\t<\/div>\n\t\t\t\t\t<\/div>\n\t\t<\/div>\n\t\t\t\t<div class=\"elementor-column elementor-col-50 elementor-top-column elementor-element elementor-element-03dc1bd\" data-id=\"03dc1bd\" data-element_type=\"column\">\n\t\t\t<div class=\"elementor-widget-wrap elementor-element-populated\">\n\t\t\t\t\t\t<div class=\"elementor-element elementor-element-fc12cea elementor-align-center elementor-mobile-align-left elementor-widget elementor-widget-button\" data-id=\"fc12cea\" data-element_type=\"widget\" data-widget_type=\"button.default\">\n\t\t\t\t<div class=\"elementor-widget-container\">\n\t\t\t\t\t\t\t\t\t<div class=\"elementor-button-wrapper\">\n\t\t\t\t\t<a class=\"elementor-button elementor-button-link elementor-size-sm\" href=\"http:\/\/wa.link\/szpepb\">\n\t\t\t\t\t\t<span class=\"elementor-button-content-wrapper\">\n\t\t\t\t\t\t<span class=\"elementor-button-icon\">\n\t\t\t\t<i aria-hidden=\"true\" class=\"fab fa-whatsapp\"><\/i>\t\t\t<\/span>\n\t\t\t\t\t\t\t\t\t<span class=\"elementor-button-text\">Contate-nos<\/span>\n\t\t\t\t\t<\/span>\n\t\t\t\t\t<\/a>\n\t\t\t\t<\/div>\n\t\t\t\t\t\t\t\t<\/div>\n\t\t\t\t<\/div>\n\t\t\t\t\t<\/div>\n\t\t<\/div>\n\t\t\t\t\t<\/div>\n\t\t<\/section>\n\t\t\t\t<\/div>","protected":false},"excerpt":{"rendered":"<p>Servicio de mantenimiento RentAR Baires ofrece un servicio de mantenimiento para que cualquier imprevisto no sea un problema Revisi\u00f3n inicial de tu vivienda Reposici\u00f3n de suministros Mantenimiento general Gesti\u00f3n de servicios externos \u00bfEn qu\u00e9 consiste el servicio de mantenimiento de RentAR Baires? El servicio de mantenimiento se encuentra incluido dentro del servicio de gesti\u00f3n completa &hellip;<\/p>\n<p class=\"read-more\"> <a class=\"\" href=\"https:\/\/propietarios.rentarbaires.com\/pt\/servicios\/mantenimiento\/\"> <span class=\"screen-reader-text\">Manuten\u00e7\u00e3o<\/span> Leia mais &raquo;<\/a><\/p>","protected":false},"author":2,"featured_media":0,"parent":10,"menu_order":0,"comment_status":"closed","ping_status":"closed","template":"","meta":{"site-sidebar-layout":"no-sidebar","site-content-layout":"page-builder","ast-global-header-display":"","ast-banner-title-visibility":"","ast-main-header-display":"","ast-hfb-above-header-display":"","ast-hfb-below-header-display":"","ast-hfb-mobile-header-display":"","site-post-title":"disabled","ast-breadcrumbs-content":"","ast-featured-img":"disabled","footer-sml-layout":"","theme-transparent-header-meta":"","adv-header-id-meta":"","stick-header-meta":"","header-above-stick-meta":"","header-main-stick-meta":"","header-below-stick-meta":"","_joinchat":[],"footnotes":""},"class_list":["post-677","page","type-page","status-publish","hentry"],"yoast_head":"<!-- This site is optimized with the Yoast SEO Premium plugin v21.0 (Yoast SEO v21.0) - https:\/\/yoast.com\/wordpress\/plugins\/seo\/ -->\n<title>Mantenimiento - RentAr Baires<\/title>\n<meta name=\"robots\" content=\"index, follow, max-snippet:-1, max-image-preview:large, max-video-preview:-1\" \/>\n<link rel=\"canonical\" href=\"https:\/\/propietarios.rentarbaires.com\/pt\/servicios\/mantenimiento\/\" \/>\n<meta property=\"og:locale\" content=\"pt_BR\" \/>\n<meta property=\"og:type\" content=\"article\" \/>\n<meta property=\"og:title\" content=\"Mantenimiento - RentAr Baires\" \/>\n<meta property=\"og:description\" content=\"Servicio de mantenimiento RentAR Baires ofrece un servicio de mantenimiento para que cualquier imprevisto no sea un problema Revisi\u00f3n inicial de tu vivienda Reposici\u00f3n de suministros Mantenimiento general Gesti\u00f3n de servicios externos \u00bfEn qu\u00e9 consiste el servicio de mantenimiento de RentAR Baires? El servicio de mantenimiento se encuentra incluido dentro del servicio de gesti\u00f3n completa &hellip; Mantenimiento Leia mais &raquo;\" \/>\n<meta property=\"og:url\" content=\"https:\/\/propietarios.rentarbaires.com\/pt\/servicios\/mantenimiento\/\" \/>\n<meta property=\"og:site_name\" content=\"RentAr Baires\" \/>\n<meta property=\"article:modified_time\" content=\"2023-09-06T19:29:24+00:00\" \/>\n<meta property=\"og:image\" content=\"https:\/\/propietarios.rentarbaires.com\/wp-content\/uploads\/2023\/07\/001-hogar.png\" \/>\n<meta name=\"twitter:card\" content=\"summary_large_image\" \/>\n<meta name=\"twitter:label1\" content=\"Est. tempo de leitura\" \/>\n\t<meta name=\"twitter:data1\" content=\"2 minutos\" \/>\n<script type=\"application\/ld+json\" class=\"yoast-schema-graph\">{\"@context\":\"https:\/\/schema.org\",\"@graph\":[{\"@type\":\"WebPage\",\"@id\":\"https:\/\/propietarios.rentarbaires.com\/servicios\/mantenimiento\/\",\"url\":\"https:\/\/propietarios.rentarbaires.com\/servicios\/mantenimiento\/\",\"name\":\"Mantenimiento - RentAr Baires\",\"isPartOf\":{\"@id\":\"https:\/\/propietarios.rentarbaires.com\/#website\"},\"datePublished\":\"2023-06-14T17:47:52+00:00\",\"dateModified\":\"2023-09-06T19:29:24+00:00\",\"breadcrumb\":{\"@id\":\"https:\/\/propietarios.rentarbaires.com\/servicios\/mantenimiento\/#breadcrumb\"},\"inLanguage\":\"pt-BR\",\"potentialAction\":[{\"@type\":\"ReadAction\",\"target\":[\"https:\/\/propietarios.rentarbaires.com\/servicios\/mantenimiento\/\"]}]},{\"@type\":\"BreadcrumbList\",\"@id\":\"https:\/\/propietarios.rentarbaires.com\/servicios\/mantenimiento\/#breadcrumb\",\"itemListElement\":[{\"@type\":\"ListItem\",\"position\":1,\"name\":\"Home\",\"item\":\"https:\/\/propietarios.rentarbaires.com\/\"},{\"@type\":\"ListItem\",\"position\":2,\"name\":\"Servicios\",\"item\":\"https:\/\/propietarios.rentarbaires.com\/servicios\/\"},{\"@type\":\"ListItem\",\"position\":3,\"name\":\"Mantenimiento\"}]},{\"@type\":\"WebSite\",\"@id\":\"https:\/\/propietarios.rentarbaires.com\/#website\",\"url\":\"https:\/\/propietarios.rentarbaires.com\/\",\"name\":\"RentAR Baires\",\"description\":\"\",\"publisher\":{\"@id\":\"https:\/\/propietarios.rentarbaires.com\/#organization\"},\"alternateName\":\"RentAR Baires\",\"potentialAction\":[{\"@type\":\"SearchAction\",\"target\":{\"@type\":\"EntryPoint\",\"urlTemplate\":\"https:\/\/propietarios.rentarbaires.com\/?s={search_term_string}\"},\"query-input\":\"required name=search_term_string\"}],\"inLanguage\":\"pt-BR\"},{\"@type\":\"Organization\",\"@id\":\"https:\/\/propietarios.rentarbaires.com\/#organization\",\"name\":\"RentAR Baires\",\"alternateName\":\"RentAR Baires\",\"url\":\"https:\/\/propietarios.rentarbaires.com\/\",\"logo\":{\"@type\":\"ImageObject\",\"inLanguage\":\"pt-BR\",\"@id\":\"https:\/\/propietarios.rentarbaires.com\/#\/schema\/logo\/image\/\",\"url\":\"https:\/\/rentarbaires.com\/wp-content\/uploads\/2023\/05\/Logos-57.jpg\",\"contentUrl\":\"https:\/\/rentarbaires.com\/wp-content\/uploads\/2023\/05\/Logos-57.jpg\",\"width\":1080,\"height\":1080,\"caption\":\"RentAR Baires\"},\"image\":{\"@id\":\"https:\/\/propietarios.rentarbaires.com\/#\/schema\/logo\/image\/\"}}]}<\/script>\n<!-- \/ Yoast SEO Premium plugin. -->","yoast_head_json":{"title":"Mantenimiento - RentAr Baires","robots":{"index":"index","follow":"follow","max-snippet":"max-snippet:-1","max-image-preview":"max-image-preview:large","max-video-preview":"max-video-preview:-1"},"canonical":"https:\/\/propietarios.rentarbaires.com\/pt\/servicios\/mantenimiento\/","og_locale":"pt_BR","og_type":"article","og_title":"Mantenimiento - RentAr Baires","og_description":"Servicio de mantenimiento RentAR Baires ofrece un servicio de mantenimiento para que cualquier imprevisto no sea un problema Revisi\u00f3n inicial de tu vivienda Reposici\u00f3n de suministros Mantenimiento general Gesti\u00f3n de servicios externos \u00bfEn qu\u00e9 consiste el servicio de mantenimiento de RentAR Baires? El servicio de mantenimiento se encuentra incluido dentro del servicio de gesti\u00f3n completa &hellip; Mantenimiento Leia mais &raquo;","og_url":"https:\/\/propietarios.rentarbaires.com\/pt\/servicios\/mantenimiento\/","og_site_name":"RentAr Baires","article_modified_time":"2023-09-06T19:29:24+00:00","og_image":[{"url":"https:\/\/propietarios.rentarbaires.com\/wp-content\/uploads\/2023\/07\/001-hogar.png"}],"twitter_card":"summary_large_image","twitter_misc":{"Est. tempo de leitura":"2 minutos"},"schema":{"@context":"https:\/\/schema.org","@graph":[{"@type":"WebPage","@id":"https:\/\/propietarios.rentarbaires.com\/servicios\/mantenimiento\/","url":"https:\/\/propietarios.rentarbaires.com\/servicios\/mantenimiento\/","name":"Mantenimiento - RentAr Baires","isPartOf":{"@id":"https:\/\/propietarios.rentarbaires.com\/#website"},"datePublished":"2023-06-14T17:47:52+00:00","dateModified":"2023-09-06T19:29:24+00:00","breadcrumb":{"@id":"https:\/\/propietarios.rentarbaires.com\/servicios\/mantenimiento\/#breadcrumb"},"inLanguage":"pt-BR","potentialAction":[{"@type":"ReadAction","target":["https:\/\/propietarios.rentarbaires.com\/servicios\/mantenimiento\/"]}]},{"@type":"BreadcrumbList","@id":"https:\/\/propietarios.rentarbaires.com\/servicios\/mantenimiento\/#breadcrumb","itemListElement":[{"@type":"ListItem","position":1,"name":"Home","item":"https:\/\/propietarios.rentarbaires.com\/"},{"@type":"ListItem","position":2,"name":"Servicios","item":"https:\/\/propietarios.rentarbaires.com\/servicios\/"},{"@type":"ListItem","position":3,"name":"Mantenimiento"}]},{"@type":"WebSite","@id":"https:\/\/propietarios.rentarbaires.com\/#website","url":"https:\/\/propietarios.rentarbaires.com\/","name":"RentAR Baires","description":"","publisher":{"@id":"https:\/\/propietarios.rentarbaires.com\/#organization"},"alternateName":"RentAR Baires","potentialAction":[{"@type":"SearchAction","target":{"@type":"EntryPoint","urlTemplate":"https:\/\/propietarios.rentarbaires.com\/?s={search_term_string}"},"query-input":"required name=search_term_string"}],"inLanguage":"pt-BR"},{"@type":"Organization","@id":"https:\/\/propietarios.rentarbaires.com\/#organization","name":"RentAR Baires","alternateName":"RentAR Baires","url":"https:\/\/propietarios.rentarbaires.com\/","logo":{"@type":"ImageObject","inLanguage":"pt-BR","@id":"https:\/\/propietarios.rentarbaires.com\/#\/schema\/logo\/image\/","url":"https:\/\/rentarbaires.com\/wp-content\/uploads\/2023\/05\/Logos-57.jpg","contentUrl":"https:\/\/rentarbaires.com\/wp-content\/uploads\/2023\/05\/Logos-57.jpg","width":1080,"height":1080,"caption":"RentAR Baires"},"image":{"@id":"https:\/\/propietarios.rentarbaires.com\/#\/schema\/logo\/image\/"}}]}},"_links":{"self":[{"href":"https:\/\/propietarios.rentarbaires.com\/pt\/wp-json\/wp\/v2\/pages\/677","targetHints":{"allow":["GET"]}}],"collection":[{"href":"https:\/\/propietarios.rentarbaires.com\/pt\/wp-json\/wp\/v2\/pages"}],"about":[{"href":"https:\/\/propietarios.rentarbaires.com\/pt\/wp-json\/wp\/v2\/types\/page"}],"author":[{"embeddable":true,"href":"https:\/\/propietarios.rentarbaires.com\/pt\/wp-json\/wp\/v2\/users\/2"}],"replies":[{"embeddable":true,"href":"https:\/\/propietarios.rentarbaires.com\/pt\/wp-json\/wp\/v2\/comments?post=677"}],"version-history":[{"count":131,"href":"https:\/\/propietarios.rentarbaires.com\/pt\/wp-json\/wp\/v2\/pages\/677\/revisions"}],"predecessor-version":[{"id":4448,"href":"https:\/\/propietarios.rentarbaires.com\/pt\/wp-json\/wp\/v2\/pages\/677\/revisions\/4448"}],"up":[{"embeddable":true,"href":"https:\/\/propietarios.rentarbaires.com\/pt\/wp-json\/wp\/v2\/pages\/10"}],"wp:attachment":[{"href":"https:\/\/propietarios.rentarbaires.com\/pt\/wp-json\/wp\/v2\/media?parent=677"}],"curies":[{"name":"wp","href":"https:\/\/api.w.org\/{rel}","templated":true}]}}